{"id":1727,"date":"2025-10-21T11:35:27","date_gmt":"2025-10-21T11:35:27","guid":{"rendered":"https:\/\/roolilatt.ee\/etusivu\/"},"modified":"2025-11-24T14:26:26","modified_gmt":"2025-11-24T14:26:26","slug":"etusivu","status":"publish","type":"page","link":"https:\/\/roolilatt.ee\/fi\/","title":{"rendered":"Etusivu"},"content":{"rendered":"<div class=\"wpb-content-wrapper\"><p>[vc_row fullwidth=&#8221;true&#8221;][vc_column][mk_edge_slider swiper_bg=&#8221;#000000&#8243; order=&#8221;ASC&#8221; full_height=&#8221;false&#8221; height=&#8221;400&#8243; animation_effect=&#8221;kenburned&#8221; animation_speed=&#8221;200&#8243; slideshow_speed=&#8221;6000&#8243; direction_nav=&#8221;none&#8221; pagination=&#8221;none&#8221; skip_arrow=&#8221;false&#8221; slides=&#8221;1731&#8243;][\/vc_column][\/vc_row][vc_row fullwidth=&#8221;true&#8221; disable_element=&#8221;yes&#8221;][vc_column][mk_edge_slider swiper_bg=&#8221;#000000&#8243; order=&#8221;ASC&#8221; full_height=&#8221;false&#8221; height=&#8221;400&#8243; animation_effect=&#8221;kenburned&#8221; animation_speed=&#8221;200&#8243; slideshow_speed=&#8221;6000&#8243; pagination=&#8221;none&#8221; skip_arrow=&#8221;false&#8221; slides=&#8221;1731&#8243;][\/vc_column][\/vc_row][vc_row fullwidth=&#8221;true&#8221;][vc_column][mk_divider style=&#8221;thin_solid&#8221; thin_single_color=&#8221;#f07400&#8243; thickness=&#8221;3&#8243; margin_top=&#8221;0&#8243; margin_bottom=&#8221;0&#8243;][\/vc_column][\/vc_row][mk_page_section bg_image=&#8221;https:\/\/roolilatt.ee\/wp-content\/uploads\/2016\/10\/back.jpg&#8221; bg_position=&#8221;center center&#8221; bg_repeat=&#8221;no-repeat&#8221; bg_stretch=&#8221;true&#8221; video_mask=&#8221;true&#8221; video_color_mask=&#8221;#0a0a0a&#8221; video_opacity=&#8221;0.5&#8243; top_shadow=&#8221;true&#8221; min_height=&#8221;120&#8243; js_vertical_centered=&#8221;true&#8221; padding_top=&#8221;20&#8243; padding_bottom=&#8221;20&#8243; sidebar=&#8221;sidebar_primary&#8221;][vc_column][vc_row_inner el_class=&#8221;call-to-action&#8221;][vc_column_inner width=&#8221;3\/4&#8243;][mk_fancy_title strip_tags=&#8221;true&#8221; color=&#8221;#ffffff&#8221; size=&#8221;17&#8243; font_weight=&#8221;400&#8243; txt_transform=&#8221;uppercase&#8221; letter_spacing=&#8221;1&#8243; margin_bottom=&#8221;0&#8243; font_family=&#8221;none&#8221;]Tilataksesi palvelumme ota yhteytt\u00e4 meihin sinulle sopivalla tavalla.[\/mk_fancy_title][\/vc_column_inner][vc_column_inner width=&#8221;1\/4&#8243;][mk_button dimension=&#8221;flat&#8221; corner_style=&#8221;rounded&#8221; size=&#8221;large&#8221; url=&#8221;https:\/\/roolilatt.ee\/fi\/yhteystiedot\/&#8221; margin_bottom=&#8221;0&#8243; margin_right=&#8221;0&#8243; bg_color=&#8221;#f07400&#8243; btn_hover_bg=&#8221;#ff891a&#8221; btn_hover_txt_color=&#8221;#ffffff&#8221;]YHTEYSTIETOMME[\/mk_button][\/vc_column_inner][\/vc_row_inner][\/vc_column][\/mk_page_section][vc_row fullwidth=&#8221;true&#8221;][vc_column][mk_divider style=&#8221;thin_solid&#8221; thin_single_color=&#8221;#f07400&#8243; thickness=&#8221;3&#8243; margin_top=&#8221;0&#8243; margin_bottom=&#8221;0&#8243;][\/vc_column][\/vc_row][mk_page_section padding_top=&#8221;30&#8243; padding_bottom=&#8221;0&#8243; sidebar=&#8221;sidebar_primary&#8221;][vc_column width=&#8221;1\/2&#8243;][vc_column_text css=&#8221;.vc_custom_1708793361323{margin-bottom: 0px !important;}&#8221;][mk_fancy_title size=&#8221;27&#8243; letter_spacing=&#8221;2&#8243; margin_bottom=&#8221;10&#8243; font_family=&#8221;none&#8221;]Ohjausyksik\u00f6iden kunnostuskeskus[mk_divider style=&#8221;thin_solid&#8221; thin_color_style=&#8221;gradient_color&#8221; thin_grandient_color_from=&#8221;#f07400&#8243; thin_grandient_color_to=&#8221;#ffffff&#8221; thin_gradient_color_angle=&#8221;horizontal&#8221; thin_grandient_color_fallback=&#8221;#ffffff&#8221; thickness=&#8221;2&#8243; margin_top=&#8221;0&#8243; margin_bottom=&#8221;10&#8243;]Ohjausyksik\u00f6iden[\/mk_fancy_title] kunnostuskeskus on erikoistunut yritys, joka korjaa ja kunnostaa kaikkien merkkien ja mallien autojen ohjausmekanismeja ja -j\u00e4rjestelmi\u00e4. Keskuksen p\u00e4\u00e4tavoitteena on tarjota asiakkaille laadukasta ja luotettavaa palvelua, joka sis\u00e4lt\u00e4\u00e4 diagnostiikan, korjauksen ja viallisten osien vaihdon k\u00e4ytt\u00e4en nykyaikaisia laitteita ja ammattimaisia teknologioita.[\/vc_column_text][\/vc_column][vc_column width=&#8221;1\/2&#8243;][mk_image src=&#8221;https:\/\/roolilatt.ee\/wp-content\/uploads\/2024\/03\/AdobeStock_591008668-scaled.jpeg&#8221; image_size=&#8221;large&#8221; align=&#8221;center&#8221;][\/vc_column][\/mk_page_section][mk_page_section padding_top=&#8221;20&#8243; padding_bottom=&#8221;0&#8243; sidebar=&#8221;sidebar-1&#8243;][vc_column][vc_column_text align=&#8221;center&#8221; css=&#8221;.vc_custom_1709464056763{margin-bottom: 0px !important;}&#8221;]<\/p>\n<h5>Roolilatt.ee:n asiantuntijat ovat valmiita suorittamaan kaikki korjaus- ja huoltoty\u00f6t mahdollisimman korkealaatuisesti.<\/h5>\n<p>[\/vc_column_text][\/vc_column][\/mk_page_section][mk_page_section padding_top=&#8221;0&#8243; sidebar=&#8221;sidebar-1&#8243;][vc_column width=&#8221;1\/3&#8243;][mk_icon_box2 icon_size=&#8221;48&#8243; icon=&#8221;mk-moon-cup&#8221; icon_color=&#8221;#f07400&#8243; icon_hover_color=&#8221;#ffffff&#8221; icon_hover_background_color=&#8221;#f07400&#8243; title=&#8221;TAKUU&#8221; title_weight=&#8221;bold&#8221; title_color=&#8221;#262626&#8243; description_color=&#8221;#262626&#8243;]Annamme kirjallisen takuun asiantuntijoiden moitteettomalle ty\u00f6laadulle, joka koskee ajoneuvosi huoltoa.[\/mk_icon_box2][\/vc_column][vc_column width=&#8221;1\/3&#8243;][mk_icon_box2 icon_size=&#8221;48&#8243; icon=&#8221;mk-moon-trophy-star&#8221; icon_color=&#8221;#f07400&#8243; icon_hover_color=&#8221;#ffffff&#8221; icon_hover_background_color=&#8221;#f07400&#8243; title=&#8221;LAATU&#8221; title_weight=&#8221;bold&#8221; title_color=&#8221;#262626&#8243; description_color=&#8221;#262626&#8243;]Edullisen hinnan, hyv\u00e4laatuisten varaosien ja ammattitaitoisen ty\u00f6n optimaalinen yhdistelm\u00e4 on palveluidemme keskeinen periaate.[\/mk_icon_box2][\/vc_column][vc_column width=&#8221;1\/3&#8243;][mk_icon_box2 icon_size=&#8221;48&#8243; icon=&#8221;mk-moon-clock-5&#8243; icon_color=&#8221;#f07400&#8243; icon_hover_color=&#8221;#ffffff&#8221; icon_hover_background_color=&#8221;#f07400&#8243; title=&#8221;AIKATAULU&#8221; title_weight=&#8221;bold&#8221; title_color=&#8221;#262626&#8243; description_color=&#8221;#262626&#8243;]M\u00e4\u00e4rittelemme korjaukselle kohtuulliset aikataulut ja pyrimme noudattamaan sovittua ty\u00f6aikataulua.[\/mk_icon_box2][mk_padding_divider][\/vc_column][\/mk_page_section][mk_page_section padding_top=&#8221;50&#8243; padding_bottom=&#8221;50&#8243; section_id=&#8221;uslugi&#8221; sidebar=&#8221;sidebar-1&#8243;][vc_column][mk_fancy_title color=&#8221;#020202&#8243; size=&#8221;27&#8243; force_font_size=&#8221;true&#8221; size_smallscreen=&#8221;27&#8243; size_tablet=&#8221;27&#8243; size_phone=&#8221;22&#8243; font_weight=&#8221;bold&#8221; txt_transform=&#8221;uppercase&#8221; letter_spacing=&#8221;2&#8243; margin_bottom=&#8221;10&#8243; font_family=&#8221;none&#8221; align=&#8221;center&#8221;]Ohjauslaitteiden kunnostuskeskus Tallinnassa[\/mk_fancy_title][mk_divider style=&#8221;thin_solid&#8221; divider_width=&#8221;custom_width&#8221; custom_width=&#8221;300&#8243; thin_color_style=&#8221;gradient_color&#8221; thin_grandient_color_from=&#8221;#f07400&#8243; thin_grandient_color_to=&#8221;rgba(255,255,255,0.01)&#8221; thin_gradient_color_style=&#8221;radial&#8221; thin_grandient_color_fallback=&#8221;rgba(255,255,255,0.01)&#8221; thickness=&#8221;2&#8243; margin_top=&#8221;0&#8243; margin_bottom=&#8221;10&#8243;][vc_column_text align=&#8221;center&#8221; css=&#8221;.vc_custom_1741711283694{margin-bottom: 0px !important;}&#8221;]<span style=\"color: #000000;\">Roolilatt.ee:n ohjauslaitteiden kunnostuskeskukseen luottavat jo yksityisautoilijoiden lis\u00e4ksi my\u00f6s suurten ajoneuvokantojen omistajat.<\/span>[\/vc_column_text][vc_row_inner css=&#8221;.vc_custom_1478020211624{padding-top: 10px !important;padding-bottom: 20px !important;}&#8221;][vc_column_inner][mk_image src=&#8221;https:\/\/roolilatt.ee\/wp-content\/uploads\/2025\/03\/311337bcdef61b4a52b985fc06f80d23.jpg&#8221; image_size=&#8221;full&#8221; frame_style=&#8221;rounded&#8221; link=&#8221;https:\/\/roolilatt.ee\/ru\/remont-rulevyh-reek\/&#8221; title=&#8221;OHJAUSPALKKIEN JA OHJAUSVAIHTEIDEN KORJAUS&#8221; caption_location=&#8221;outside-image&#8221; align=&#8221;center&#8221;][\/vc_column_inner][\/vc_row_inner][vc_row_inner disable_element=&#8221;yes&#8221; css=&#8221;.vc_custom_1741188250288{padding-top: 10px !important;padding-bottom: 20px !important;}&#8221;][vc_column_inner width=&#8221;1\/2&#8243;][mk_image src=&#8221;https:\/\/roolilatt.ee\/wp-content\/uploads\/2016\/10\/1.jpg&#8221; image_size=&#8221;full&#8221; frame_style=&#8221;rounded&#8221; link=&#8221;https:\/\/roolilatt.ee\/ru\/remont-rulevyh-reek\/&#8221; title=&#8221;OHJAUSPALKKIEN JA OHJAUSVAIHTEIDEN KORJAUS&#8221; caption_location=&#8221;outside-image&#8221; align=&#8221;center&#8221;][\/vc_column_inner][vc_column_inner width=&#8221;1\/2&#8243;][mk_image src=&#8221;https:\/\/roolilatt.ee\/wp-content\/uploads\/2016\/10\/3.jpg&#8221; image_size=&#8221;full&#8221; frame_style=&#8221;rounded&#8221; link=&#8221;https:\/\/roolilatt.ee\/ru\/remont-zapravka-kondicionera\/&#8221; title=&#8221;ILMASTOINNIN TARKASTUS, KORJAUS JA T\u00c4YTT\u00d6&#8221; caption_location=&#8221;outside-image&#8221; align=&#8221;center&#8221;][\/vc_column_inner][\/vc_row_inner][\/vc_column][\/mk_page_section][vc_row fullwidth=&#8221;true&#8221;][vc_column][mk_divider style=&#8221;thin_solid&#8221; thin_single_color=&#8221;#f07400&#8243; thickness=&#8221;3&#8243; margin_top=&#8221;0&#8243; margin_bottom=&#8221;0&#8243;][\/vc_column][\/vc_row]<\/p>\n<\/div>","protected":false},"excerpt":{"rendered":"<p>[vc_row fullwidth=&#8221;true&#8221;][vc_column][mk_edge_slider swiper_bg=&#8221;#000000&#8243; order=&#8221;ASC&#8221; full_height=&#8221;false&#8221; height=&#8221;400&#8243; animation_effect=&#8221;kenburned&#8221; animation_speed=&#8221;200&#8243; slideshow_speed=&#8221;6000&#8243; direction_nav=&#8221;none&#8221; pagination=&#8221;none&#8221; skip_arrow=&#8221;false&#8221; slides=&#8221;1731&#8243;][\/vc_column][\/vc_row][vc_row fullwidth=&#8221;true&#8221; disable_element=&#8221;yes&#8221;][vc_column][mk_edge_slider swiper_bg=&#8221;#000000&#8243; order=&#8221;ASC&#8221; full_height=&#8221;false&#8221; height=&#8221;400&#8243; animation_effect=&#8221;kenburned&#8221; animation_speed=&#8221;200&#8243; slideshow_speed=&#8221;6000&#8243; pagination=&#8221;none&#8221; skip_arrow=&#8221;false&#8221; slides=&#8221;1731&#8243;][\/vc_column][\/vc_row][vc_row fullwidth=&#8221;true&#8221;][vc_column][mk_divider style=&#8221;thin_solid&#8221; thin_single_color=&#8221;#f07400&#8243; thickness=&#8221;3&#8243; margin_top=&#8221;0&#8243; margin_bottom=&#8221;0&#8243;][\/vc_column][\/vc_row][mk_page_section bg_image=&#8221;https:\/\/roolilatt.ee\/wp-content\/uploads\/2016\/10\/back.jpg&#8221; bg_position=&#8221;center center&#8221; bg_repeat=&#8221;no-repeat&#8221; bg_stretch=&#8221;true&#8221; video_mask=&#8221;true&#8221; video_color_mask=&#8221;#0a0a0a&#8221; video_opacity=&#8221;0.5&#8243; top_shadow=&#8221;true&#8221; min_height=&#8221;120&#8243; js_vertical_centered=&#8221;true&#8221; padding_top=&#8221;20&#8243; padding_bottom=&#8221;20&#8243; sidebar=&#8221;sidebar_primary&#8221;][vc_column][vc_row_inner el_class=&#8221;call-to-action&#8221;][vc_column_inner width=&#8221;3\/4&#8243;][mk_fancy_title strip_tags=&#8221;true&#8221; color=&#8221;#ffffff&#8221; size=&#8221;17&#8243; font_weight=&#8221;400&#8243; txt_transform=&#8221;uppercase&#8221; letter_spacing=&#8221;1&#8243; margin_bottom=&#8221;0&#8243; font_family=&#8221;none&#8221;]Tilataksesi [&hellip;]<\/p>\n","protected":false},"author":2,"featured_media":0,"parent":0,"menu_order":0,"comment_status":"closed","ping_status":"closed","template":"full-width.php","meta":{"_acf_changed":false,"footnotes":""},"class_list":["post-1727","page","type-page","status-publish","hentry"],"acf":[],"yoast_head":"<!-- This site is optimized with the Yoast SEO plugin v27.5 - https:\/\/yoast.com\/product\/yoast-seo-wordpress\/ -->\n<title>Ohjauspalkkien korjaus ja kunnostus - Roolilatt.ee<\/title>\n<meta name=\"description\" content=\"Roolilatt.ee \u2013 luotettava valintasi Tallinnassa ohjauspalkkien korjaukseen ja ilmastointihuoltoon. Laatu ja edullisuus!\" \/>\n<meta name=\"robots\" content=\"index, follow, max-snippet:-1, max-image-preview:large, max-video-preview:-1\" \/>\n<link rel=\"canonical\" href=\"https:\/\/roolilatt.ee\/fi\/\" \/>\n<meta property=\"og:locale\" content=\"fi_FI\" \/>\n<meta property=\"og:type\" content=\"article\" \/>\n<meta property=\"og:title\" content=\"Ohjauspalkkien korjaus ja kunnostus - Roolilatt.ee\" \/>\n<meta property=\"og:description\" content=\"Roolilatt.ee \u2013 luotettava valintasi Tallinnassa ohjauspalkkien korjaukseen ja ilmastointihuoltoon. Laatu ja edullisuus!\" \/>\n<meta property=\"og:url\" content=\"https:\/\/roolilatt.ee\/fi\/\" \/>\n<meta property=\"og:site_name\" content=\"Roolilatt.ee\" \/>\n<meta property=\"article:modified_time\" content=\"2025-11-24T14:26:26+00:00\" \/>\n<meta name=\"twitter:card\" content=\"summary_large_image\" \/>\n<meta name=\"twitter:label1\" content=\"Arvioitu lukuaika\" \/>\n\t<meta name=\"twitter:data1\" content=\"2 minuuttia\" \/>\n<script type=\"application\/ld+json\" class=\"yoast-schema-graph\">{\"@context\":\"https:\\\/\\\/schema.org\",\"@graph\":[{\"@type\":\"WebPage\",\"@id\":\"https:\\\/\\\/roolilatt.ee\\\/fi\\\/\",\"url\":\"https:\\\/\\\/roolilatt.ee\\\/fi\\\/\",\"name\":\"Ohjauspalkkien korjaus ja kunnostus - Roolilatt.ee\",\"isPartOf\":{\"@id\":\"https:\\\/\\\/roolilatt.ee\\\/#website\"},\"datePublished\":\"2025-10-21T11:35:27+00:00\",\"dateModified\":\"2025-11-24T14:26:26+00:00\",\"description\":\"Roolilatt.ee \u2013 luotettava valintasi Tallinnassa ohjauspalkkien korjaukseen ja ilmastointihuoltoon. Laatu ja edullisuus!\",\"breadcrumb\":{\"@id\":\"https:\\\/\\\/roolilatt.ee\\\/fi\\\/#breadcrumb\"},\"inLanguage\":\"fi\",\"potentialAction\":[{\"@type\":\"ReadAction\",\"target\":[\"https:\\\/\\\/roolilatt.ee\\\/fi\\\/\"]}]},{\"@type\":\"BreadcrumbList\",\"@id\":\"https:\\\/\\\/roolilatt.ee\\\/fi\\\/#breadcrumb\",\"itemListElement\":[{\"@type\":\"ListItem\",\"position\":1,\"name\":\"Home\",\"item\":\"https:\\\/\\\/roolilatt.ee\\\/fi\\\/\"},{\"@type\":\"ListItem\",\"position\":2,\"name\":\"Etusivu\"}]},{\"@type\":\"WebSite\",\"@id\":\"https:\\\/\\\/roolilatt.ee\\\/#website\",\"url\":\"https:\\\/\\\/roolilatt.ee\\\/\",\"name\":\"Roolilatt.ee\",\"description\":\"Roolilatti ja roolikarbi remont ja taastamine\",\"potentialAction\":[{\"@type\":\"SearchAction\",\"target\":{\"@type\":\"EntryPoint\",\"urlTemplate\":\"https:\\\/\\\/roolilatt.ee\\\/?s={search_term_string}\"},\"query-input\":{\"@type\":\"PropertyValueSpecification\",\"valueRequired\":true,\"valueName\":\"search_term_string\"}}],\"inLanguage\":\"fi\"}]}<\/script>\n<!-- \/ Yoast SEO plugin. -->","yoast_head_json":{"title":"Ohjauspalkkien korjaus ja kunnostus - Roolilatt.ee","description":"Roolilatt.ee \u2013 luotettava valintasi Tallinnassa ohjauspalkkien korjaukseen ja ilmastointihuoltoon. Laatu ja edullisuus!","robots":{"index":"index","follow":"follow","max-snippet":"max-snippet:-1","max-image-preview":"max-image-preview:large","max-video-preview":"max-video-preview:-1"},"canonical":"https:\/\/roolilatt.ee\/fi\/","og_locale":"fi_FI","og_type":"article","og_title":"Ohjauspalkkien korjaus ja kunnostus - Roolilatt.ee","og_description":"Roolilatt.ee \u2013 luotettava valintasi Tallinnassa ohjauspalkkien korjaukseen ja ilmastointihuoltoon. Laatu ja edullisuus!","og_url":"https:\/\/roolilatt.ee\/fi\/","og_site_name":"Roolilatt.ee","article_modified_time":"2025-11-24T14:26:26+00:00","twitter_card":"summary_large_image","twitter_misc":{"Arvioitu lukuaika":"2 minuuttia"},"schema":{"@context":"https:\/\/schema.org","@graph":[{"@type":"WebPage","@id":"https:\/\/roolilatt.ee\/fi\/","url":"https:\/\/roolilatt.ee\/fi\/","name":"Ohjauspalkkien korjaus ja kunnostus - Roolilatt.ee","isPartOf":{"@id":"https:\/\/roolilatt.ee\/#website"},"datePublished":"2025-10-21T11:35:27+00:00","dateModified":"2025-11-24T14:26:26+00:00","description":"Roolilatt.ee \u2013 luotettava valintasi Tallinnassa ohjauspalkkien korjaukseen ja ilmastointihuoltoon. Laatu ja edullisuus!","breadcrumb":{"@id":"https:\/\/roolilatt.ee\/fi\/#breadcrumb"},"inLanguage":"fi","potentialAction":[{"@type":"ReadAction","target":["https:\/\/roolilatt.ee\/fi\/"]}]},{"@type":"BreadcrumbList","@id":"https:\/\/roolilatt.ee\/fi\/#breadcrumb","itemListElement":[{"@type":"ListItem","position":1,"name":"Home","item":"https:\/\/roolilatt.ee\/fi\/"},{"@type":"ListItem","position":2,"name":"Etusivu"}]},{"@type":"WebSite","@id":"https:\/\/roolilatt.ee\/#website","url":"https:\/\/roolilatt.ee\/","name":"Roolilatt.ee","description":"Roolilatti ja roolikarbi remont ja taastamine","potentialAction":[{"@type":"SearchAction","target":{"@type":"EntryPoint","urlTemplate":"https:\/\/roolilatt.ee\/?s={search_term_string}"},"query-input":{"@type":"PropertyValueSpecification","valueRequired":true,"valueName":"search_term_string"}}],"inLanguage":"fi"}]}},"_links":{"self":[{"href":"https:\/\/roolilatt.ee\/fi\/wp-json\/wp\/v2\/pages\/1727","targetHints":{"allow":["GET"]}}],"collection":[{"href":"https:\/\/roolilatt.ee\/fi\/wp-json\/wp\/v2\/pages"}],"about":[{"href":"https:\/\/roolilatt.ee\/fi\/wp-json\/wp\/v2\/types\/page"}],"author":[{"embeddable":true,"href":"https:\/\/roolilatt.ee\/fi\/wp-json\/wp\/v2\/users\/2"}],"replies":[{"embeddable":true,"href":"https:\/\/roolilatt.ee\/fi\/wp-json\/wp\/v2\/comments?post=1727"}],"version-history":[{"count":6,"href":"https:\/\/roolilatt.ee\/fi\/wp-json\/wp\/v2\/pages\/1727\/revisions"}],"predecessor-version":[{"id":1934,"href":"https:\/\/roolilatt.ee\/fi\/wp-json\/wp\/v2\/pages\/1727\/revisions\/1934"}],"wp:attachment":[{"href":"https:\/\/roolilatt.ee\/fi\/wp-json\/wp\/v2\/media?parent=1727"}],"curies":[{"name":"wp","href":"https:\/\/api.w.org\/{rel}","templated":true}]}}